{"id":2648,"date":"2024-07-01T10:28:27","date_gmt":"2024-07-01T10:28:27","guid":{"rendered":"https:\/\/promovaisselle.com\/?page_id=2648"},"modified":"2024-07-01T10:31:48","modified_gmt":"2024-07-01T10:31:48","slug":"a-propos-de-nous","status":"publish","type":"page","link":"https:\/\/promovaisselle.com\/fr\/a-propos-de-nous\/","title":{"rendered":"\u00c0 propos de nous"},"content":{"rendered":"\t\t<div data-elementor-type=\"wp-page\" data-elementor-id=\"2648\" class=\"elementor elementor-2648\" data-elementor-post-type=\"page\">\n\t\t\t\t\t\t<section class=\"elementor-section elementor-top-section elementor-element elementor-element-6b219f45 wd-section-stretch elementor-section-boxed elementor-section-height-default elementor-section-height-default\" data-id=\"6b219f45\" data-element_type=\"section\">\n\t\t\t\t\t\t<div class=\"elementor-container elementor-column-gap-default\">\n\t\t\t\t\t<div class=\"elementor-column elementor-col-100 elementor-top-column elementor-element elementor-element-1368d92b\" data-id=\"1368d92b\" data-element_type=\"column\">\n\t\t\t<div class=\"elementor-widget-wrap elementor-element-populated\">\n\t\t\t\t\t\t<section class=\"elementor-section elementor-inner-section elementor-element elementor-element-6a06cf05 elementor-section-content-middle elementor-section-boxed elementor-section-height-default elementor-section-height-default\" data-id=\"6a06cf05\" data-element_type=\"section\" data-settings=\"{&quot;background_background&quot;:&quot;classic&quot;}\">\n\t\t\t\t\t\t<div class=\"elementor-container elementor-column-gap-default\">\n\t\t\t\t\t<div class=\"elementor-column elementor-col-50 elementor-inner-column elementor-element elementor-element-592060b5\" data-id=\"592060b5\" data-element_type=\"column\">\n\t\t\t<div class=\"elementor-widget-wrap elementor-element-populated\">\n\t\t\t\t\t\t<div class=\"elementor-element elementor-element-5b2d5f6a elementor-widget elementor-widget-wd_image_or_svg\" data-id=\"5b2d5f6a\" data-element_type=\"widget\" data-widget_type=\"wd_image_or_svg.default\">\n\t\t\t\t<div class=\"elementor-widget-container\">\n\t\t\t\t\t\n\t\t<div class=\"wd-image text-center\">\n\t\t\t\t\t\t\t\t<img fetchpriority=\"high\" decoding=\"async\" width=\"328\" height=\"184\" src=\"https:\/\/i0.wp.com\/promovaisselle.com\/wp-content\/uploads\/2024\/06\/Logo-Promo.jpg?fit=328%2C184&amp;ssl=1\" class=\"attachment-large size-large\" alt=\"\" srcset=\"https:\/\/i0.wp.com\/promovaisselle.com\/wp-content\/uploads\/2024\/06\/Logo-Promo.jpg?w=328&amp;ssl=1 328w, https:\/\/i0.wp.com\/promovaisselle.com\/wp-content\/uploads\/2024\/06\/Logo-Promo.jpg?resize=150%2C84&amp;ssl=1 150w, https:\/\/i0.wp.com\/promovaisselle.com\/wp-content\/uploads\/2024\/06\/Logo-Promo.jpg?resize=300%2C168&amp;ssl=1 300w\" sizes=\"(max-width: 328px) 100vw, 328px\" \/>\t\t\t\t\t<\/div>\n\n\t\t\t\t\t\t<\/div>\n\t\t\t\t<\/div>\n\t\t\t\t\t<\/div>\n\t\t<\/div>\n\t\t\t\t<div class=\"elementor-column elementor-col-50 elementor-inner-column elementor-element elementor-element-2ef1043\" data-id=\"2ef1043\" data-element_type=\"column\">\n\t\t\t<div class=\"elementor-widget-wrap elementor-element-populated\">\n\t\t\t\t\t\t<div class=\"elementor-element elementor-element-6cdbdb22 wd-width-100 elementor-widget elementor-widget-wd_title\" data-id=\"6cdbdb22\" data-element_type=\"widget\" data-widget_type=\"wd_title.default\">\n\t\t\t\t<div class=\"elementor-widget-container\">\n\t\t\t\t\t\t\t<div class=\"title-wrapper set-mb-s reset-last-child wd-title-color-primary wd-title-style-simple wd-title-size-default text-center\">\n\n\t\t\t\n\t\t\t<div class=\"liner-continer\">\n\t\t\t\t<h4 class=\"woodmart-title-container title wd-fontsize-l\">\u00c0 propos de nous<\/h4> \n\t\t\t\t\t\t\t<\/div>\n\n\t\t\t\t\t\t\t<div class=\"title-after_title set-cont-mb-s reset-last-child wd-fontsize-xs\">\n\t\t\t\t\t<p>Le site<strong> Promovaisselle<\/strong> est votre premi\u00e8re destination pour acheter de nouveaux produits distinctifs aux meilleurs prix, tout en vous offrant une exp\u00e9rience agr\u00e9able et simple en faisant du shopping et en achetant divers produits et en les commandant en ligne, livr\u00e9s directement \u00e0 la porte de votre domicile ou de votre lieu de travail et en payant. en esp\u00e8ces d\u00e8s r\u00e9ception tout en garantissant la haute qualit\u00e9 des produits et des marchandises.<\/p>\t\t\t\t<\/div>\n\t\t\t\t\t<\/div>\n\t\t\t\t\t\t<\/div>\n\t\t\t\t<\/div>\n\t\t\t\t\t<\/div>\n\t\t<\/div>\n\t\t\t\t\t<\/div>\n\t\t<\/section>\n\t\t\t\t\t<\/div>\n\t\t<\/div>\n\t\t\t\t\t<\/div>\n\t\t<\/section>\n\t\t\t\t<\/div>\n\t\t","protected":false},"excerpt":{"rendered":"<p>\u00c0 propos de nous Le site Promovaisselle est votre premi\u00e8re destination pour acheter de nouveaux produits distinctifs aux meilleurs prix,<\/p>\n","protected":false},"author":5,"featured_media":0,"parent":0,"menu_order":0,"comment_status":"closed","ping_status":"closed","template":"","meta":{"footnotes":""},"class_list":["post-2648","page","type-page","status-publish","hentry"],"jetpack_sharing_enabled":true,"_links":{"self":[{"href":"https:\/\/promovaisselle.com\/fr\/wp-json\/wp\/v2\/pages\/2648","targetHints":{"allow":["GET"]}}],"collection":[{"href":"https:\/\/promovaisselle.com\/fr\/wp-json\/wp\/v2\/pages"}],"about":[{"href":"https:\/\/promovaisselle.com\/fr\/wp-json\/wp\/v2\/types\/page"}],"author":[{"embeddable":true,"href":"https:\/\/promovaisselle.com\/fr\/wp-json\/wp\/v2\/users\/5"}],"replies":[{"embeddable":true,"href":"https:\/\/promovaisselle.com\/fr\/wp-json\/wp\/v2\/comments?post=2648"}],"version-history":[{"count":4,"href":"https:\/\/promovaisselle.com\/fr\/wp-json\/wp\/v2\/pages\/2648\/revisions"}],"predecessor-version":[{"id":2654,"href":"https:\/\/promovaisselle.com\/fr\/wp-json\/wp\/v2\/pages\/2648\/revisions\/2654"}],"wp:attachment":[{"href":"https:\/\/promovaisselle.com\/fr\/wp-json\/wp\/v2\/media?parent=2648"}],"curies":[{"name":"wp","href":"https:\/\/api.w.org\/{rel}","templated":true}]}}